{"id":477,"date":"2022-12-23T16:38:50","date_gmt":"2022-12-23T16:38:50","guid":{"rendered":"https:\/\/test.mihaomejc.com\/nives\/o-nama\/"},"modified":"2022-12-23T16:38:50","modified_gmt":"2022-12-23T16:38:50","slug":"o-nama","status":"publish","type":"page","link":"https:\/\/www.nives.si\/xy\/o-nama\/","title":{"rendered":"O nama"},"content":{"rendered":"<p>Tvrtka Nives d.o.o. osnovana je na inicijativu Evoce, vode\u0107eg svjetskog proizvo\u0111a\u010da profesionalnih aparata za kavu, Ho.Re.Ca aparata i OCS, s mandatom zastupnika brendova pod pokroviteljstvom Evoce za podru\u010dje biv\u0161e Jugoslavije. Tvrtka u mje\u0161ovitom talijansko-slovenskom vlasni\u0161tvu osigurava kontinuitet i \u0161iri poslovanje talijanske tvrtke Nordest Service srl., koja je prethodno vi\u0161e od 15 godina na ovim tr\u017ei\u0161tima zastupala brend Necta, a prije toga Zanussi Vending.<\/p>\n<p>Slu\u017ebeni smo zastupnici robnih marki Necta, Saeco, Ducale, Wittenborg, SGL i Newis za Sloveniju, Hrvatsku, Srbiju, Bosnu i Hercegovinu, Crnu Goru, Makedoniju i Kosovo. Osim vending automata, na\u0161a ponuda uklju\u010duje i opse\u017ean asortiman opreme i rje\u0161enja za vending, Ho.Re.Ca. i OCS sektor.<\/p>\n<p>Na\u0161a nit vodilja je profesionalnost i predanost, a osim tehni\u010dke podr\u0161ke, savjetovanja i edukacije, kupcima mo\u017eemo ponuditi i specifi\u010dna rje\u0161enja potpomognuta inovativnom tehnologijom i dugogodi\u0161njim iskustvom u industriji.<\/p>\n","protected":false},"excerpt":{"rendered":"<p>Tvrtka Nives d.o.o. osnovana je na inicijativu Evoce, vode\u0107eg svjetskog proizvo\u0111a\u010da profesionalnih aparata za kavu, Ho.Re.Ca aparata i OCS, s mandatom zastupnika brendova pod pokroviteljstvom Evoce za podru\u010dje biv\u0161e Jugoslavije. Tvrtka u mje\u0161ovitom talijansko-slovenskom vlasni\u0161tvu osigurava kontinuitet i \u0161iri poslovanje talijanske tvrtke Nordest Service srl., koja je prethodno vi\u0161e od 15 godina na ovim tr\u017ei\u0161tima &#8230; <a title=\"O nama\" class=\"read-more\" href=\"https:\/\/www.nives.si\/xy\/o-nama\/\" aria-label=\"Read more about O nama\">Pro\u010ditaj vi\u0161e<\/a><\/p>\n","protected":false},"author":1,"featured_media":0,"parent":0,"menu_order":0,"comment_status":"closed","ping_status":"closed","template":"","meta":{"_acf_changed":false,"inline_featured_image":false,"footnotes":""},"class_list":["post-477","page","type-page","status-publish"],"acf":[],"_links":{"self":[{"href":"https:\/\/www.nives.si\/xy\/wp-json\/wp\/v2\/pages\/477","targetHints":{"allow":["GET"]}}],"collection":[{"href":"https:\/\/www.nives.si\/xy\/wp-json\/wp\/v2\/pages"}],"about":[{"href":"https:\/\/www.nives.si\/xy\/wp-json\/wp\/v2\/types\/page"}],"author":[{"embeddable":true,"href":"https:\/\/www.nives.si\/xy\/wp-json\/wp\/v2\/users\/1"}],"replies":[{"embeddable":true,"href":"https:\/\/www.nives.si\/xy\/wp-json\/wp\/v2\/comments?post=477"}],"version-history":[{"count":0,"href":"https:\/\/www.nives.si\/xy\/wp-json\/wp\/v2\/pages\/477\/revisions"}],"wp:attachment":[{"href":"https:\/\/www.nives.si\/xy\/wp-json\/wp\/v2\/media?parent=477"}],"curies":[{"name":"wp","href":"https:\/\/api.w.org\/{rel}","templated":true}]}}